{"id":287,"date":"2026-02-24T20:16:26","date_gmt":"2026-02-24T20:16:26","guid":{"rendered":"https:\/\/kaltbaden.at\/wp3\/?page_id=287"},"modified":"2026-04-03T09:53:58","modified_gmt":"2026-04-03T09:53:58","slug":"blog","status":"publish","type":"page","link":"https:\/\/kaltbaden.at\/wp3\/blog\/","title":{"rendered":"Blog"},"content":{"rendered":"\t\t<div data-elementor-type=\"wp-page\" data-elementor-id=\"287\" class=\"elementor elementor-287\">\n\t\t\t\t<div class=\"elementor-element elementor-element-d5c3eca e-flex e-con-boxed wpr-particle-no wpr-jarallax-no wpr-parallax-no wpr-sticky-section-no wpr-equal-height-no e-con e-parent\" data-id=\"d5c3eca\" data-element_type=\"container\" data-e-type=\"container\">\n\t\t\t\t\t<div class=\"e-con-inner\">\n\t\t\t\t<div class=\"elementor-element elementor-element-0e86efb wpr-item-styles-wrapper wpr-grid-columns-3 wpr-grid-columns--tablet2 wpr-grid-columns--mobile1 wpr-grid-pagination-center elementor-widget elementor-widget-wpr-grid\" data-id=\"0e86efb\" data-element_type=\"widget\" data-e-type=\"widget\" data-widget_type=\"wpr-grid.default\">\n\t\t\t\t\t<ul class=\"wpr-grid-filters elementor-clearfix wpr-grid-filters-sep-right\"><li class=\" wpr-pointer-none wpr-pointer-line-fx wpr-pointer-fx-none\"><span  data-filter=\"*\" class=\"wpr-grid-filters-item wpr-active-filter \">Alle Beitr\u00e4ge<\/span><em class=\"wpr-grid-filters-sep\"><\/em><\/li><li class=\" wpr-pointer-none wpr-pointer-line-fx wpr-pointer-fx-none\"><span   data-ajax-filter=[\"category\",\"berichte\"]  data-filter=\".category-berichte\">Berichte<\/span><em class=\"wpr-grid-filters-sep\"><\/em><\/li><li class=\" wpr-pointer-none wpr-pointer-line-fx wpr-pointer-fx-none\"><span   data-ajax-filter=[\"category\",\"know-how\"]  data-filter=\".category-know-how\">Know-How<\/span><em class=\"wpr-grid-filters-sep\"><\/em><\/li><li class=\" wpr-pointer-none wpr-pointer-line-fx wpr-pointer-fx-none\"><span   data-ajax-filter=[\"category\",\"presse\"]  data-filter=\".category-presse\">Presse<\/span><em class=\"wpr-grid-filters-sep\"><\/em><\/li><\/ul><section class=\"wpr-grid elementor-clearfix\" data-settings=\"{&quot;layout&quot;:&quot;fitRows&quot;,&quot;stick_last_element_to_bottom&quot;:&quot;&quot;,&quot;columns_desktop&quot;:3,&quot;gutter_hr&quot;:30,&quot;gutter_hr_mobile&quot;:30,&quot;gutter_hr_mobile_extra&quot;:30,&quot;gutter_hr_tablet&quot;:30,&quot;gutter_hr_tablet_extra&quot;:30,&quot;gutter_hr_laptop&quot;:30,&quot;gutter_hr_widescreen&quot;:30,&quot;gutter_vr&quot;:30,&quot;gutter_vr_mobile&quot;:30,&quot;gutter_vr_mobile_extra&quot;:30,&quot;gutter_vr_tablet&quot;:30,&quot;gutter_vr_tablet_extra&quot;:30,&quot;gutter_vr_laptop&quot;:30,&quot;gutter_vr_widescreen&quot;:30,&quot;animation&quot;:&quot;default&quot;,&quot;animation_duration&quot;:0.3,&quot;animation_delay&quot;:0.1,&quot;deeplinking&quot;:&quot;&quot;,&quot;filters_linkable&quot;:&quot;no&quot;,&quot;filters_default_filter&quot;:&quot;&quot;,&quot;filters_count&quot;:&quot;&quot;,&quot;filters_hide_empty&quot;:&quot;no&quot;,&quot;filters_animation&quot;:&quot;default&quot;,&quot;filters_animation_duration&quot;:0.3,&quot;filters_animation_delay&quot;:0.1,&quot;pagination_type&quot;:&quot;load-more&quot;,&quot;pagination_max_pages&quot;:1,&quot;lightbox&quot;:{&quot;selector&quot;:&quot;.wpr-grid-image-wrap&quot;,&quot;iframeMaxWidth&quot;:&quot;60%&quot;,&quot;hash&quot;:false,&quot;autoplay&quot;:&quot;true&quot;,&quot;pause&quot;:5000,&quot;progressBar&quot;:&quot;true&quot;,&quot;counter&quot;:&quot;true&quot;,&quot;controls&quot;:&quot;true&quot;,&quot;getCaptionFromTitleOrAlt&quot;:&quot;true&quot;,&quot;thumbnail&quot;:&quot;&quot;,&quot;showThumbByDefault&quot;:&quot;&quot;,&quot;share&quot;:&quot;&quot;,&quot;zoom&quot;:&quot;true&quot;,&quot;fullScreen&quot;:&quot;true&quot;,&quot;download&quot;:&quot;true&quot;}}\" data-advanced-filters=\"no\"><article class=\"wpr-grid-item elementor-clearfix post-538 post type-post status-publish format-standard has-post-thumbnail hentry category-know-how\"><div class=\"wpr-grid-item-inner\"><div class=\"wpr-grid-media-wrap wpr-effect-size-medium \" data-overlay-link=\"yes\"><div class=\"wpr-grid-image-wrap\" data-src=\"https:\/\/kaltbaden.at\/wp3\/wp-content\/uploads\/elementor\/thumbs\/blog-1-rkebd93o2897bhey7x5a3hftzjsh8ztsvgpq5ci01k.jpg\" data-img-on-hover=\"\"  data-src-secondary=\"\"><img decoding=\"async\" data-no-lazy=\"1\" src=\"https:\/\/kaltbaden.at\/wp3\/wp-content\/uploads\/elementor\/thumbs\/blog-1-rkebd93o2897bhey7x5a3hftzjsh8ztsvgpq5ci01k.jpg\" alt=\"Eisbadeverein\" class=\"wpr-anim-timing-ease-default\"><\/div><div class=\"wpr-grid-media-hover wpr-animation-wrap\"><div class=\"wpr-grid-media-hover-bg  wpr-overlay-fade-in wpr-anim-size-large wpr-anim-timing-ease-default wpr-anim-transparency\" data-url=\"https:\/\/kaltbaden.at\/wp3\/eisbadeverein\/\"><\/div><\/div><\/div><div class=\"wpr-grid-item-below-content elementor-clearfix\"><div class=\"wpr-grid-item-category elementor-repeater-item-f9d579d wpr-grid-item-display-block wpr-grid-item-align-left wpr-pointer-none wpr-pointer-line-fx wpr-pointer-fx-fade wpr-grid-tax-style-1\"><div class=\"inner-block\"><a class=\" wpr-tax-id-13\" href=\"https:\/\/kaltbaden.at\/wp3\/category\/know-how\/\">Know-How<\/a><\/div><\/div><h2 class=\"wpr-grid-item-title elementor-repeater-item-1a04d66 wpr-grid-item-display-block wpr-grid-item-align-left wpr-pointer-none wpr-pointer-line-fx wpr-pointer-fx-fade\"><div class=\"inner-block\"><a target=\"_self\"  href=\"https:\/\/kaltbaden.at\/wp3\/eisbadeverein\/\">Eisbadeverein<\/a><\/div><\/h2><div class=\"wpr-grid-item-date elementor-repeater-item-c145dd3 wpr-grid-item-display-inline wpr-grid-item-align-left\"><div class=\"inner-block\"><span>M\u00e4rz 10, 2026<span class=\"wpr-grid-extra-text-right\"><\/span><\/span><\/div><\/div><div class=\"wpr-grid-item-excerpt elementor-repeater-item-d19ced5 wpr-grid-item-display-block wpr-grid-item-align-left\"><div class=\"inner-block\"><p>Die Gemeinschaft spielt beim Eisbaden eine gro\u00dfe Rolle! Das gemeinsame Erleben des K\u00e4lte-Kicks schafft Verbindung. Und die Gruppe gibt Sicherheit....<\/p><\/div><\/div><\/div><\/div><\/article><article class=\"wpr-grid-item elementor-clearfix post-535 post type-post status-publish format-standard has-post-thumbnail hentry category-know-how\"><div class=\"wpr-grid-item-inner\"><div class=\"wpr-grid-media-wrap wpr-effect-size-medium \" data-overlay-link=\"yes\"><div class=\"wpr-grid-image-wrap\" data-src=\"https:\/\/kaltbaden.at\/wp3\/wp-content\/uploads\/elementor\/thumbs\/blog-1-rkebd93o2897bhey7x5a3hftzjsh8ztsvgpq5ci01k.jpg\" data-img-on-hover=\"\"  data-src-secondary=\"\"><img decoding=\"async\" data-no-lazy=\"1\" src=\"https:\/\/kaltbaden.at\/wp3\/wp-content\/uploads\/elementor\/thumbs\/blog-1-rkebd93o2897bhey7x5a3hftzjsh8ztsvgpq5ci01k.jpg\" alt=\"Kaltbaderegeln\" class=\"wpr-anim-timing-ease-default\"><\/div><div class=\"wpr-grid-media-hover wpr-animation-wrap\"><div class=\"wpr-grid-media-hover-bg  wpr-overlay-fade-in wpr-anim-size-large wpr-anim-timing-ease-default wpr-anim-transparency\" data-url=\"https:\/\/kaltbaden.at\/wp3\/kaltbaderegeln\/\"><\/div><\/div><\/div><div class=\"wpr-grid-item-below-content elementor-clearfix\"><div class=\"wpr-grid-item-category elementor-repeater-item-f9d579d wpr-grid-item-display-block wpr-grid-item-align-left wpr-pointer-none wpr-pointer-line-fx wpr-pointer-fx-fade wpr-grid-tax-style-1\"><div class=\"inner-block\"><a class=\" wpr-tax-id-13\" href=\"https:\/\/kaltbaden.at\/wp3\/category\/know-how\/\">Know-How<\/a><\/div><\/div><h2 class=\"wpr-grid-item-title elementor-repeater-item-1a04d66 wpr-grid-item-display-block wpr-grid-item-align-left wpr-pointer-none wpr-pointer-line-fx wpr-pointer-fx-fade\"><div class=\"inner-block\"><a target=\"_self\"  href=\"https:\/\/kaltbaden.at\/wp3\/kaltbaderegeln\/\">Kaltbaderegeln<\/a><\/div><\/h2><div class=\"wpr-grid-item-date elementor-repeater-item-c145dd3 wpr-grid-item-display-inline wpr-grid-item-align-left\"><div class=\"inner-block\"><span>M\u00e4rz 10, 2026<span class=\"wpr-grid-extra-text-right\"><\/span><\/span><\/div><\/div><div class=\"wpr-grid-item-excerpt elementor-repeater-item-d19ced5 wpr-grid-item-display-block wpr-grid-item-align-left\"><div class=\"inner-block\"><p>Sicherheit steht an oberster Stelle &#8211; drum haben wir ein paar Verhaltensempfehlungen entwickelt, die das Eisbaden sicherer gestalten. Hier das...<\/p><\/div><\/div><\/div><\/div><\/article><article class=\"wpr-grid-item elementor-clearfix post-531 post type-post status-publish format-standard has-post-thumbnail hentry category-presse\"><div class=\"wpr-grid-item-inner\"><div class=\"wpr-grid-media-wrap wpr-effect-size-medium \" data-overlay-link=\"yes\"><div class=\"wpr-grid-image-wrap\" data-src=\"https:\/\/kaltbaden.at\/wp3\/wp-content\/uploads\/elementor\/thumbs\/orf-rkeayiyozo3hfet07jzp177uy8dgnpd6ukrvhac1iw.jpg\" data-img-on-hover=\"\"  data-src-secondary=\"\"><img decoding=\"async\" data-no-lazy=\"1\" src=\"https:\/\/kaltbaden.at\/wp3\/wp-content\/uploads\/elementor\/thumbs\/orf-rkeayiyozo3hfet07jzp177uy8dgnpd6ukrvhac1iw.jpg\" alt=\"Eisbaden im ORF Steiermark Wetter\" class=\"wpr-anim-timing-ease-default\"><\/div><div class=\"wpr-grid-media-hover wpr-animation-wrap\"><div class=\"wpr-grid-media-hover-bg  wpr-overlay-fade-in wpr-anim-size-large wpr-anim-timing-ease-default wpr-anim-transparency\" data-url=\"https:\/\/kaltbaden.at\/wp3\/eisbaden-im-steiermark-wetter\/\"><\/div><\/div><\/div><div class=\"wpr-grid-item-below-content elementor-clearfix\"><div class=\"wpr-grid-item-category elementor-repeater-item-f9d579d wpr-grid-item-display-block wpr-grid-item-align-left wpr-pointer-none wpr-pointer-line-fx wpr-pointer-fx-fade wpr-grid-tax-style-1\"><div class=\"inner-block\"><a class=\" wpr-tax-id-6\" href=\"https:\/\/kaltbaden.at\/wp3\/category\/presse\/\">Presse<\/a><\/div><\/div><h2 class=\"wpr-grid-item-title elementor-repeater-item-1a04d66 wpr-grid-item-display-block wpr-grid-item-align-left wpr-pointer-none wpr-pointer-line-fx wpr-pointer-fx-fade\"><div class=\"inner-block\"><a target=\"_self\"  href=\"https:\/\/kaltbaden.at\/wp3\/eisbaden-im-steiermark-wetter\/\">Eisbaden im ORF Steiermark Wetter<\/a><\/div><\/h2><div class=\"wpr-grid-item-date elementor-repeater-item-c145dd3 wpr-grid-item-display-inline wpr-grid-item-align-left\"><div class=\"inner-block\"><span>M\u00e4rz 10, 2026<span class=\"wpr-grid-extra-text-right\"><\/span><\/span><\/div><\/div><div class=\"wpr-grid-item-excerpt elementor-repeater-item-d19ced5 wpr-grid-item-display-block wpr-grid-item-align-left\"><div class=\"inner-block\"><p>Das ORF Wetter Team begleitete unsere Community bei einem Eisbade-Workshop in Jagerberg!<\/p><\/div><\/div><\/div><\/div><\/article><article class=\"wpr-grid-item elementor-clearfix post-290 post type-post status-publish format-standard has-post-thumbnail hentry category-presse\"><div class=\"wpr-grid-item-inner\"><div class=\"wpr-grid-media-wrap wpr-effect-size-medium \" data-overlay-link=\"yes\"><div class=\"wpr-grid-image-wrap\" data-src=\"https:\/\/kaltbaden.at\/wp3\/wp-content\/uploads\/elementor\/thumbs\/brennsee2-rkfsyhwhbr8un12vsci2959mr0sgsjslsc5r3lzn3s.jpg\" data-img-on-hover=\"\"  data-src-secondary=\"\"><img decoding=\"async\" data-no-lazy=\"1\" src=\"https:\/\/kaltbaden.at\/wp3\/wp-content\/uploads\/elementor\/thumbs\/brennsee2-rkfsyhwhbr8un12vsci2959mr0sgsjslsc5r3lzn3s.jpg\" alt=\"Pressebericht \u00fcber Eisbaden am Brennsee\" class=\"wpr-anim-timing-ease-default\"><\/div><div class=\"wpr-grid-media-hover wpr-animation-wrap\"><div class=\"wpr-grid-media-hover-bg  wpr-overlay-fade-in wpr-anim-size-large wpr-anim-timing-ease-default wpr-anim-transparency\" data-url=\"https:\/\/kaltbaden.at\/wp3\/pressebericht-uber-eisbaden-am-brennsee\/\"><\/div><\/div><\/div><div class=\"wpr-grid-item-below-content elementor-clearfix\"><div class=\"wpr-grid-item-category elementor-repeater-item-f9d579d wpr-grid-item-display-block wpr-grid-item-align-left wpr-pointer-none wpr-pointer-line-fx wpr-pointer-fx-fade wpr-grid-tax-style-1\"><div class=\"inner-block\"><a class=\" wpr-tax-id-6\" href=\"https:\/\/kaltbaden.at\/wp3\/category\/presse\/\">Presse<\/a><\/div><\/div><h2 class=\"wpr-grid-item-title elementor-repeater-item-1a04d66 wpr-grid-item-display-block wpr-grid-item-align-left wpr-pointer-none wpr-pointer-line-fx wpr-pointer-fx-fade\"><div class=\"inner-block\"><a target=\"_self\"  href=\"https:\/\/kaltbaden.at\/wp3\/pressebericht-uber-eisbaden-am-brennsee\/\">Pressebericht \u00fcber Eisbaden am Brennsee<\/a><\/div><\/h2><div class=\"wpr-grid-item-date elementor-repeater-item-c145dd3 wpr-grid-item-display-inline wpr-grid-item-align-left\"><div class=\"inner-block\"><span>Februar 24, 2026<span class=\"wpr-grid-extra-text-right\"><\/span><\/span><\/div><\/div><div class=\"wpr-grid-item-excerpt elementor-repeater-item-d19ced5 wpr-grid-item-display-block wpr-grid-item-align-left\"><div class=\"inner-block\"><p>im Rahmen einer Pressereise konnte ich eine Gruppe von Journalisten zum Eisbaden begleiten.\u00a0<\/p><\/div><\/div><\/div><\/div><\/article><\/section>\t\t\t\t<\/div>\n\t\t\t\t\t<\/div>\n\t\t\t\t<\/div>\n\t\t\t\t<\/div>\n\t\t","protected":false},"excerpt":{"rendered":"<p>Alle Beitr\u00e4ge Berichte Know-How Presse Know-How Eisbadeverein M\u00e4rz 10, 2026 Die Gemeinschaft spielt beim Eisbaden eine gro\u00dfe Rolle! Das gemeinsame Erleben des K\u00e4lte-Kicks schafft Verbindung. Und die Gruppe gibt Sicherheit&#8230;. Know-How Kaltbaderegeln M\u00e4rz 10, 2026 Sicherheit steht an oberster Stelle &#8211; drum haben wir ein paar Verhaltensempfehlungen entwickelt, die das Eisbaden sicherer gestalten. Hier das&#8230; Presse Eisbaden im ORF Steiermark Wetter M\u00e4rz 10, 2026 Das ORF Wetter Team begleitete unsere Community bei einem Eisbade-Workshop in Jagerberg! Presse Pressebericht \u00fcber Eisbaden am Brennsee Februar 24, 2026 im Rahmen einer Pressereise konnte ich eine Gruppe von Journalisten zum Eisbaden begleiten.\u00a0<\/p>\n","protected":false},"author":2,"featured_media":0,"parent":0,"menu_order":0,"comment_status":"closed","ping_status":"closed","template":"","meta":{"site-sidebar-layout":"default","site-content-layout":"","ast-site-content-layout":"default","site-content-style":"default","site-sidebar-style":"default","ast-global-header-display":"","ast-banner-title-visibility":"","ast-main-header-display":"","ast-hfb-above-header-display":"","ast-hfb-below-header-display":"","ast-hfb-mobile-header-display":"","site-post-title":"","ast-breadcrumbs-content":"","ast-featured-img":"","footer-sml-layout":"","ast-disable-related-posts":"","theme-transparent-header-meta":"disabled","adv-header-id-meta":"","stick-header-meta":"","header-above-stick-meta":"","header-main-stick-meta":"","header-below-stick-meta":"","astra-migrate-meta-layouts":"default","ast-page-background-enabled":"default","ast-page-background-meta":{"desktop":{"background-color":"var(--ast-global-color-5)","background-image":"","background-repeat":"repeat","background-position":"center center","background-size":"auto","background-attachment":"scroll","background-type":"","background-media":"","overlay-type":"","overlay-color":"","overlay-opacity":"","overlay-gradient":""},"tablet":{"background-color":"","background-image":"","background-repeat":"repeat","background-position":"center center","background-size":"auto","background-attachment":"scroll","background-type":"","background-media":"","overlay-type":"","overlay-color":"","overlay-opacity":"","overlay-gradient":""},"mobile":{"background-color":"","background-image":"","background-repeat":"repeat","background-position":"center center","background-size":"auto","background-attachment":"scroll","background-type":"","background-media":"","overlay-type":"","overlay-color":"","overlay-opacity":"","overlay-gradient":""}},"ast-content-background-meta":{"desktop":{"background-color":"var(--ast-global-color-4)","background-image":"","background-repeat":"repeat","background-position":"center center","background-size":"auto","background-attachment":"scroll","background-type":"","background-media":"","overlay-type":"","overlay-color":"","overlay-opacity":"","overlay-gradient":""},"tablet":{"background-color":"var(--ast-global-color-4)","background-image":"","background-repeat":"repeat","background-position":"center center","background-size":"auto","background-attachment":"scroll","background-type":"","background-media":"","overlay-type":"","overlay-color":"","overlay-opacity":"","overlay-gradient":""},"mobile":{"background-color":"var(--ast-global-color-4)","background-image":"","background-repeat":"repeat","background-position":"center center","background-size":"auto","background-attachment":"scroll","background-type":"","background-media":"","overlay-type":"","overlay-color":"","overlay-opacity":"","overlay-gradient":""}},"footnotes":""},"class_list":["post-287","page","type-page","status-publish","hentry"],"_links":{"self":[{"href":"https:\/\/kaltbaden.at\/wp3\/wp-json\/wp\/v2\/pages\/287","targetHints":{"allow":["GET"]}}],"collection":[{"href":"https:\/\/kaltbaden.at\/wp3\/wp-json\/wp\/v2\/pages"}],"about":[{"href":"https:\/\/kaltbaden.at\/wp3\/wp-json\/wp\/v2\/types\/page"}],"author":[{"embeddable":true,"href":"https:\/\/kaltbaden.at\/wp3\/wp-json\/wp\/v2\/users\/2"}],"replies":[{"embeddable":true,"href":"https:\/\/kaltbaden.at\/wp3\/wp-json\/wp\/v2\/comments?post=287"}],"version-history":[{"count":20,"href":"https:\/\/kaltbaden.at\/wp3\/wp-json\/wp\/v2\/pages\/287\/revisions"}],"predecessor-version":[{"id":748,"href":"https:\/\/kaltbaden.at\/wp3\/wp-json\/wp\/v2\/pages\/287\/revisions\/748"}],"wp:attachment":[{"href":"https:\/\/kaltbaden.at\/wp3\/wp-json\/wp\/v2\/media?parent=287"}],"curies":[{"name":"wp","href":"https:\/\/api.w.org\/{rel}","templated":true}]}}